{"id":20,"date":"2021-12-17T09:03:54","date_gmt":"2021-12-17T08:03:54","guid":{"rendered":"http:\/\/whoolchip.local\/saint-etienne\/?page_id=20"},"modified":"2023-12-21T10:46:13","modified_gmt":"2023-12-21T09:46:13","slug":"shop","status":"publish","type":"page","link":"https:\/\/ousortirfrance.com\/lyon\/shop\/","title":{"rendered":"Shop"},"content":{"rendered":"\t\t<div data-elementor-type=\"wp-page\" data-elementor-id=\"20\" class=\"elementor elementor-20\">\n\t\t\t\t\t\t\t\t\t<section class=\"elementor-section elementor-top-section elementor-element elementor-element-3db611ef elementor-section-boxed elementor-section-height-default elementor-section-height-default\" data-id=\"3db611ef\" data-element_type=\"section\" data-settings=\"{&quot;background_background&quot;:&quot;classic&quot;}\">\n\t\t\t\t\t\t\t<div class=\"elementor-background-overlay\"><\/div>\n\t\t\t\t\t\t\t<div class=\"elementor-container elementor-column-gap-default\">\n\t\t\t\t\t<div class=\"elementor-column elementor-col-100 elementor-top-column elementor-element elementor-element-235d6c4c\" data-id=\"235d6c4c\" data-element_type=\"column\">\n\t\t\t<div class=\"elementor-widget-wrap elementor-element-populated\">\n\t\t\t\t\t\t\t\t<div class=\"elementor-element elementor-element-1e86da18 elementor-widget elementor-widget-heading\" data-id=\"1e86da18\" data-element_type=\"widget\" data-widget_type=\"heading.default\">\n\t\t\t\t<div class=\"elementor-widget-container\">\n\t\t\t<style>\/*! elementor - v3.13.3 - 28-05-2023 *\/\n.elementor-heading-title{padding:0;margin:0;line-height:1}.elementor-widget-heading .elementor-heading-title[class*=elementor-size-]>a{color:inherit;font-size:inherit;line-height:inherit}.elementor-widget-heading .elementor-heading-title.elementor-size-small{font-size:15px}.elementor-widget-heading .elementor-heading-title.elementor-size-medium{font-size:19px}.elementor-widget-heading .elementor-heading-title.elementor-size-large{font-size:29px}.elementor-widget-heading .elementor-heading-title.elementor-size-xl{font-size:39px}.elementor-widget-heading .elementor-heading-title.elementor-size-xxl{font-size:59px}<\/style><h1 class=\"elementor-heading-title elementor-size-default\">Shopper \u00e0 Lyon<\/h1>\t\t<\/div>\n\t\t\t\t<\/div>\n\t\t\t\t\t<\/div>\n\t\t<\/div>\n\t\t\t\t\t\t\t<\/div>\n\t\t<\/section>\n\t\t\t\t<section class=\"elementor-section elementor-top-section elementor-element elementor-element-6f7dfd99 elementor-section-boxed elementor-section-height-default elementor-section-height-default\" data-id=\"6f7dfd99\" data-element_type=\"section\">\n\t\t\t\t\t\t<div class=\"elementor-container elementor-column-gap-default\">\n\t\t\t\t\t<div class=\"elementor-column elementor-col-100 elementor-top-column elementor-element elementor-element-6a853cf3\" data-id=\"6a853cf3\" data-element_type=\"column\">\n\t\t\t<div class=\"elementor-widget-wrap elementor-element-populated\">\n\t\t\t\t\t\t\t\t<div class=\"elementor-element elementor-element-484cd324 elementor-widget elementor-widget-text-editor\" data-id=\"484cd324\" data-element_type=\"widget\" data-widget_type=\"text-editor.default\">\n\t\t\t\t<div class=\"elementor-widget-container\">\n\t\t\t<style>\/*! elementor - v3.13.3 - 28-05-2023 *\/\n.elementor-widget-text-editor.elementor-drop-cap-view-stacked .elementor-drop-cap{background-color:#69727d;color:#fff}.elementor-widget-text-editor.elementor-drop-cap-view-framed .elementor-drop-cap{color:#69727d;border:3px solid;background-color:transparent}.elementor-widget-text-editor:not(.elementor-drop-cap-view-default) .elementor-drop-cap{margin-top:8px}.elementor-widget-text-editor:not(.elementor-drop-cap-view-default) .elementor-drop-cap-letter{width:1em;height:1em}.elementor-widget-text-editor .elementor-drop-cap{float:left;text-align:center;line-height:1;font-size:50px}.elementor-widget-text-editor .elementor-drop-cap-letter{display:inline-block}<\/style>\t\t\t\t<p>Quelle ville ne poss\u00e8de pas de magasins ?<br \/>Nous vous avons s\u00e9lectionn\u00e9 un petit panel vari\u00e9 de boutiques situ\u00e9es dans notre ville ! \u00c9videmment il en existe bien d&rsquo;autres, et d&rsquo;ailleurs, n&rsquo;h\u00e9sitez pas \u00e0 nous en sugg\u00e9rer si vous en connaissez qui valent absolument le d\u00e9tour !<\/p>\t\t\t\t\t\t<\/div>\n\t\t\t\t<\/div>\n\t\t\t\t<div class=\"elementor-element elementor-element-1fc374e elementor-widget elementor-widget-cv_post\" data-id=\"1fc374e\" data-element_type=\"widget\" data-settings=\"{&quot;background_background&quot;:&quot;classic&quot;}\" data-widget_type=\"cv_post.default\">\n\t\t\t\t<div class=\"elementor-widget-container\">\n\t\t\t<div class=\"cv-posts grid-img-bg col-4\"><div class=\"filters-post\"><button class=\"filter active\" data-target=\"all\" data-color=\"#FFFEFC\"><span>Tous<\/span><\/button><nav><button data-color=\"#FFFEFC\" data-target=\"shop\" class=\"filter\"><span class=\"icon-cat invert-color\" style=\"background-image:url(https:\/\/ousortirfrance.com\/lyon\/wp-content\/uploads\/sites\/8\/2022\/02\/shop_sans_fond.png)\"><\/span><span>shop<\/span><\/button><\/nav><\/div><article class=\"post-item\"><div class=\"post-img\"><div class=\"logo-society\"><img decoding=\"async\" src=\"https:\/\/ousortirfrance.com\/lyon\/wp-content\/uploads\/sites\/8\/2023\/09\/logo-kuch.png\" alt=\"Antonio et Marco\"><\/div><span class=\"elementor-background-overlay\"><\/span><img width=\"1080\" height=\"1080\" src=\"https:\/\/ousortirfrance.com\/lyon\/wp-content\/uploads\/sites\/8\/2023\/09\/360043785_271352238875629_640966580745560428_n_1.jpg\" class=\"attachment-blog size-blog wp-post-image\" alt=\"Kuck Lyon\" decoding=\"async\" loading=\"lazy\" itemprop=\"image\" srcset=\"https:\/\/ousortirfrance.com\/lyon\/wp-content\/uploads\/sites\/8\/2023\/09\/360043785_271352238875629_640966580745560428_n_1.jpg 1080w, https:\/\/ousortirfrance.com\/lyon\/wp-content\/uploads\/sites\/8\/2023\/09\/360043785_271352238875629_640966580745560428_n_1-300x300.jpg 300w, https:\/\/ousortirfrance.com\/lyon\/wp-content\/uploads\/sites\/8\/2023\/09\/360043785_271352238875629_640966580745560428_n_1-1024x1024.jpg 1024w, https:\/\/ousortirfrance.com\/lyon\/wp-content\/uploads\/sites\/8\/2023\/09\/360043785_271352238875629_640966580745560428_n_1-150x150.jpg 150w, https:\/\/ousortirfrance.com\/lyon\/wp-content\/uploads\/sites\/8\/2023\/09\/360043785_271352238875629_640966580745560428_n_1-768x768.jpg 768w\" sizes=\"(max-width: 1080px) 100vw, 1080px\" \/><\/div><div class=\"post-info\"><h2 class=\"title\">Kuch Lyon<\/h2><div><div class=\"read-more\"><span class=\"elementor-button-content-wrapper\"><span class=\"elementor-button-text\">En savoir plus<\/span><\/span><\/div><\/div><\/div><a href=\"https:\/\/ousortirfrance.com\/lyon\/shop\/kuch-lyon\/\" title=\"Kuch Lyon\" class=\"post-link\"><\/a><\/article><article class=\"post-item\" data-category=\"shop\"><div class=\"post-img\"><span class=\"elementor-background-overlay\"><\/span><img width=\"459\" height=\"306\" src=\"https:\/\/ousortirfrance.com\/lyon\/wp-content\/uploads\/sites\/8\/2021\/11\/aroma-zone-ouvre-boutique-lyon-L-ahoCuq.jpeg\" class=\"attachment-blog size-blog wp-post-image\" alt=\"aroma-zone entr\u00e9e\" decoding=\"async\" loading=\"lazy\" itemprop=\"image\" srcset=\"https:\/\/ousortirfrance.com\/lyon\/wp-content\/uploads\/sites\/8\/2021\/11\/aroma-zone-ouvre-boutique-lyon-L-ahoCuq.jpeg 459w, https:\/\/ousortirfrance.com\/lyon\/wp-content\/uploads\/sites\/8\/2021\/11\/aroma-zone-ouvre-boutique-lyon-L-ahoCuq-300x200.jpeg 300w\" sizes=\"(max-width: 459px) 100vw, 459px\" \/><\/div><div class=\"post-info\"><h2 class=\"title\">Aroma-Zone<\/h2><p class=\"post-categories\"><span class=\"img-cat\" style=\"background:#c72422;\"><img decoding=\"async\" src=\"https:\/\/ousortirfrance.com\/lyon\/wp-content\/uploads\/sites\/8\/2022\/02\/shop_sans_fond.png\" alt=\"Shop\" \/><\/span><span>Shop<\/span><\/p><div><div class=\"read-more\"><span class=\"elementor-button-content-wrapper\"><span class=\"elementor-button-text\">En savoir plus<\/span><\/span><\/div><\/div><\/div><a href=\"https:\/\/ousortirfrance.com\/lyon\/shop\/aroma-zone\/\" title=\"Aroma-Zone\" class=\"post-link\"><\/a><\/article><article class=\"post-item\" data-category=\"shop\"><div class=\"post-img\"><span class=\"elementor-background-overlay\"><\/span><img width=\"828\" height=\"1025\" src=\"https:\/\/ousortirfrance.com\/lyon\/wp-content\/uploads\/sites\/8\/2021\/11\/IMG_7249.jpg\" class=\"attachment-blog size-blog wp-post-image\" alt=\"double iris cadre eyemazy\" decoding=\"async\" loading=\"lazy\" itemprop=\"image\" srcset=\"https:\/\/ousortirfrance.com\/lyon\/wp-content\/uploads\/sites\/8\/2021\/11\/IMG_7249.jpg 828w, https:\/\/ousortirfrance.com\/lyon\/wp-content\/uploads\/sites\/8\/2021\/11\/IMG_7249-242x300.jpg 242w, https:\/\/ousortirfrance.com\/lyon\/wp-content\/uploads\/sites\/8\/2021\/11\/IMG_7249-768x951.jpg 768w\" sizes=\"(max-width: 828px) 100vw, 828px\" \/><\/div><div class=\"post-info\"><h2 class=\"title\">Eyemazy<\/h2><p class=\"post-categories\"><span class=\"img-cat\" style=\"background:#c72422;\"><img decoding=\"async\" src=\"https:\/\/ousortirfrance.com\/lyon\/wp-content\/uploads\/sites\/8\/2022\/02\/shop_sans_fond.png\" alt=\"Shop\" \/><\/span><span>Shop<\/span><\/p><div><div class=\"read-more\"><span class=\"elementor-button-content-wrapper\"><span class=\"elementor-button-text\">En savoir plus<\/span><\/span><\/div><\/div><\/div><a href=\"https:\/\/ousortirfrance.com\/lyon\/shop\/eyemazy\/\" title=\"Eyemazy\" class=\"post-link\"><\/a><\/article><article class=\"post-item\" data-category=\"shop\"><div class=\"post-img\"><span class=\"elementor-background-overlay\"><\/span><img width=\"1536\" height=\"1001\" src=\"https:\/\/ousortirfrance.com\/lyon\/wp-content\/uploads\/sites\/8\/2021\/11\/happy-sisyphe-devanture.jpg\" class=\"attachment-blog size-blog wp-post-image\" alt=\"\" decoding=\"async\" loading=\"lazy\" itemprop=\"image\" srcset=\"https:\/\/ousortirfrance.com\/lyon\/wp-content\/uploads\/sites\/8\/2021\/11\/happy-sisyphe-devanture.jpg 1536w, https:\/\/ousortirfrance.com\/lyon\/wp-content\/uploads\/sites\/8\/2021\/11\/happy-sisyphe-devanture-300x196.jpg 300w, https:\/\/ousortirfrance.com\/lyon\/wp-content\/uploads\/sites\/8\/2021\/11\/happy-sisyphe-devanture-1024x667.jpg 1024w, https:\/\/ousortirfrance.com\/lyon\/wp-content\/uploads\/sites\/8\/2021\/11\/happy-sisyphe-devanture-768x501.jpg 768w\" sizes=\"(max-width: 1536px) 100vw, 1536px\" \/><\/div><div class=\"post-info\"><h2 class=\"title\">Happy Sisyphe<\/h2><p class=\"post-categories\"><span class=\"img-cat\" style=\"background:#c72422;\"><img decoding=\"async\" src=\"https:\/\/ousortirfrance.com\/lyon\/wp-content\/uploads\/sites\/8\/2022\/02\/shop_sans_fond.png\" alt=\"Shop\" \/><\/span><span>Shop<\/span><\/p><div><div class=\"read-more\"><span class=\"elementor-button-content-wrapper\"><span class=\"elementor-button-text\">En savoir plus<\/span><\/span><\/div><\/div><\/div><a href=\"https:\/\/ousortirfrance.com\/lyon\/shop\/happy-sisyphe\/\" title=\"Happy Sisyphe\" class=\"post-link\"><\/a><\/article><article class=\"post-item\" data-category=\"shop\"><div class=\"post-img\"><span class=\"elementor-background-overlay\"><\/span><img width=\"1080\" height=\"1080\" src=\"https:\/\/ousortirfrance.com\/lyon\/wp-content\/uploads\/sites\/8\/2022\/03\/127838391_461201154863262_4147580625602490896_n-1.jpg\" class=\"attachment-blog size-blog wp-post-image\" alt=\"Hyppairs d\u00e9coration\" decoding=\"async\" loading=\"lazy\" itemprop=\"image\" srcset=\"https:\/\/ousortirfrance.com\/lyon\/wp-content\/uploads\/sites\/8\/2022\/03\/127838391_461201154863262_4147580625602490896_n-1.jpg 1080w, https:\/\/ousortirfrance.com\/lyon\/wp-content\/uploads\/sites\/8\/2022\/03\/127838391_461201154863262_4147580625602490896_n-1-300x300.jpg 300w, https:\/\/ousortirfrance.com\/lyon\/wp-content\/uploads\/sites\/8\/2022\/03\/127838391_461201154863262_4147580625602490896_n-1-1024x1024.jpg 1024w, https:\/\/ousortirfrance.com\/lyon\/wp-content\/uploads\/sites\/8\/2022\/03\/127838391_461201154863262_4147580625602490896_n-1-150x150.jpg 150w, https:\/\/ousortirfrance.com\/lyon\/wp-content\/uploads\/sites\/8\/2022\/03\/127838391_461201154863262_4147580625602490896_n-1-768x768.jpg 768w\" sizes=\"(max-width: 1080px) 100vw, 1080px\" \/><\/div><div class=\"post-info\"><h2 class=\"title\">Hyppairs<\/h2><p class=\"post-categories\"><span class=\"img-cat\" style=\"background:#c72422;\"><img decoding=\"async\" src=\"https:\/\/ousortirfrance.com\/lyon\/wp-content\/uploads\/sites\/8\/2022\/02\/shop_sans_fond.png\" alt=\"Shop\" \/><\/span><span>Shop<\/span><\/p><div><div class=\"read-more\"><span class=\"elementor-button-content-wrapper\"><span class=\"elementor-button-text\">En savoir plus<\/span><\/span><\/div><\/div><\/div><a href=\"https:\/\/ousortirfrance.com\/lyon\/shop\/hyppairs\/\" title=\"Hyppairs\" class=\"post-link\"><\/a><\/article><article class=\"post-item\" data-category=\"shop\"><div class=\"post-img\"><span class=\"elementor-background-overlay\"><\/span><img width=\"1080\" height=\"1350\" src=\"https:\/\/ousortirfrance.com\/lyon\/wp-content\/uploads\/sites\/8\/2022\/02\/253546164_187682660197847_5709287677683204422_n.jpg\" class=\"attachment-blog size-blog wp-post-image\" alt=\"Inspiration Concept Store\" decoding=\"async\" loading=\"lazy\" itemprop=\"image\" srcset=\"https:\/\/ousortirfrance.com\/lyon\/wp-content\/uploads\/sites\/8\/2022\/02\/253546164_187682660197847_5709287677683204422_n.jpg 1080w, https:\/\/ousortirfrance.com\/lyon\/wp-content\/uploads\/sites\/8\/2022\/02\/253546164_187682660197847_5709287677683204422_n-240x300.jpg 240w, https:\/\/ousortirfrance.com\/lyon\/wp-content\/uploads\/sites\/8\/2022\/02\/253546164_187682660197847_5709287677683204422_n-819x1024.jpg 819w, https:\/\/ousortirfrance.com\/lyon\/wp-content\/uploads\/sites\/8\/2022\/02\/253546164_187682660197847_5709287677683204422_n-768x960.jpg 768w\" sizes=\"(max-width: 1080px) 100vw, 1080px\" \/><\/div><div class=\"post-info\"><h2 class=\"title\">Inspiration Concept Store<\/h2><p class=\"post-categories\"><span class=\"img-cat\" style=\"background:#c72422;\"><img decoding=\"async\" src=\"https:\/\/ousortirfrance.com\/lyon\/wp-content\/uploads\/sites\/8\/2022\/02\/shop_sans_fond.png\" alt=\"Shop\" \/><\/span><span>Shop<\/span><\/p><div><div class=\"read-more\"><span class=\"elementor-button-content-wrapper\"><span class=\"elementor-button-text\">En savoir plus<\/span><\/span><\/div><\/div><\/div><a href=\"https:\/\/ousortirfrance.com\/lyon\/shop\/inspiration-concept-store\/\" title=\"Inspiration Concept Store\" class=\"post-link\"><\/a><\/article><article class=\"post-item\" data-category=\"shop\"><div class=\"post-img\"><span class=\"elementor-background-overlay\"><\/span><img width=\"1000\" height=\"1333\" src=\"https:\/\/ousortirfrance.com\/lyon\/wp-content\/uploads\/sites\/8\/2021\/11\/un-dimanche-aux-puces.jpg\" class=\"attachment-blog size-blog wp-post-image\" alt=\"\" decoding=\"async\" loading=\"lazy\" itemprop=\"image\" srcset=\"https:\/\/ousortirfrance.com\/lyon\/wp-content\/uploads\/sites\/8\/2021\/11\/un-dimanche-aux-puces.jpg 1000w, https:\/\/ousortirfrance.com\/lyon\/wp-content\/uploads\/sites\/8\/2021\/11\/un-dimanche-aux-puces-225x300.jpg 225w, https:\/\/ousortirfrance.com\/lyon\/wp-content\/uploads\/sites\/8\/2021\/11\/un-dimanche-aux-puces-768x1024.jpg 768w\" sizes=\"(max-width: 1000px) 100vw, 1000px\" \/><\/div><div class=\"post-info\"><h2 class=\"title\">Les Puces du Canal<\/h2><p class=\"post-categories\"><span class=\"img-cat\" style=\"background:#c72422;\"><img decoding=\"async\" src=\"https:\/\/ousortirfrance.com\/lyon\/wp-content\/uploads\/sites\/8\/2022\/02\/shop_sans_fond.png\" alt=\"Shop\" \/><\/span><span>Shop<\/span><\/p><div><div class=\"read-more\"><span class=\"elementor-button-content-wrapper\"><span class=\"elementor-button-text\">En savoir plus<\/span><\/span><\/div><\/div><\/div><a href=\"https:\/\/ousortirfrance.com\/lyon\/shop\/les-puces-du-canal\/\" title=\"Les Puces du Canal\" class=\"post-link\"><\/a><\/article><article class=\"post-item\" data-category=\"shop\"><div class=\"post-img\"><span class=\"elementor-background-overlay\"><\/span><img width=\"1080\" height=\"1080\" src=\"https:\/\/ousortirfrance.com\/lyon\/wp-content\/uploads\/sites\/8\/2022\/02\/152085082_2508737482764961_4644355432025059013_n.jpg\" class=\"attachment-blog size-blog wp-post-image\" alt=\"Bijoux\" decoding=\"async\" loading=\"lazy\" itemprop=\"image\" srcset=\"https:\/\/ousortirfrance.com\/lyon\/wp-content\/uploads\/sites\/8\/2022\/02\/152085082_2508737482764961_4644355432025059013_n.jpg 1080w, https:\/\/ousortirfrance.com\/lyon\/wp-content\/uploads\/sites\/8\/2022\/02\/152085082_2508737482764961_4644355432025059013_n-300x300.jpg 300w, https:\/\/ousortirfrance.com\/lyon\/wp-content\/uploads\/sites\/8\/2022\/02\/152085082_2508737482764961_4644355432025059013_n-1024x1024.jpg 1024w, https:\/\/ousortirfrance.com\/lyon\/wp-content\/uploads\/sites\/8\/2022\/02\/152085082_2508737482764961_4644355432025059013_n-150x150.jpg 150w, https:\/\/ousortirfrance.com\/lyon\/wp-content\/uploads\/sites\/8\/2022\/02\/152085082_2508737482764961_4644355432025059013_n-768x768.jpg 768w\" sizes=\"(max-width: 1080px) 100vw, 1080px\" \/><\/div><div class=\"post-info\"><h2 class=\"title\">Lovely Things<\/h2><p class=\"post-categories\"><span class=\"img-cat\" style=\"background:#c72422;\"><img decoding=\"async\" src=\"https:\/\/ousortirfrance.com\/lyon\/wp-content\/uploads\/sites\/8\/2022\/02\/shop_sans_fond.png\" alt=\"Shop\" \/><\/span><span>Shop<\/span><\/p><div><div class=\"read-more\"><span class=\"elementor-button-content-wrapper\"><span class=\"elementor-button-text\">En savoir plus<\/span><\/span><\/div><\/div><\/div><a href=\"https:\/\/ousortirfrance.com\/lyon\/shop\/lovely-things\/\" title=\"Lovely Things\" class=\"post-link\"><\/a><\/article><article class=\"add-place\"><span class=\"elementor-background-overlay\"><\/span><p class=\"title-place\">Sugg\u00e9rez votre lieu favori<\/p><a href=\"https:\/\/docs.google.com\/forms\/d\/e\/1FAIpQLSc_D2FFqaJXAnkvs5W_WMUAMkwJuNx_hXAivrIv0edEVZSjYw\/viewform\" target=\"_blank\" rel=\"nofollow\" title=\"Sugg\u00e9rez votre lieu favori\" class=\"post-link\"><\/a><\/article><\/div>\t\t<\/div>\n\t\t\t\t<\/div>\n\t\t\t\t\t<\/div>\n\t\t<\/div>\n\t\t\t\t\t\t\t<\/div>\n\t\t<\/section>\n\t\t\t\t\t\t\t<\/div>\n\t\t","protected":false},"excerpt":{"rendered":"<p>Shopper \u00e0 Lyon Quelle ville ne poss\u00e8de pas de magasins ?Nous vous avons s\u00e9lectionn\u00e9 un petit panel vari\u00e9 de boutiques situ\u00e9es dans notre ville ! \u00c9videmment il en existe bien d&rsquo;autres, et d&rsquo;ailleurs, n&rsquo;h\u00e9sitez pas \u00e0 nous en sugg\u00e9rer si vous en connaissez qui valent absolument le d\u00e9tour ! Tous shop Kuch Lyon En savoir &hellip;<\/p>\n<p class=\"read-more\"> <a class=\"\" href=\"https:\/\/ousortirfrance.com\/lyon\/resto\/antonio-et-marco\/\"> <span class=\"screen-reader-text\">Antonio et Marco<\/span> Lire la suite\u00a0\u00bb<\/a><\/p>\n","protected":false},"author":1,"featured_media":0,"parent":0,"menu_order":0,"comment_status":"closed","ping_status":"closed","template":"","meta":{"site-sidebar-layout":"no-sidebar","site-content-layout":"page-builder","ast-global-header-display":"","ast-banner-title-visibility":"","ast-main-header-display":"","ast-hfb-above-header-display":"","ast-hfb-below-header-display":"","ast-hfb-mobile-header-display":"","site-post-title":"disabled","ast-breadcrumbs-content":"","ast-featured-img":"disabled","footer-sml-layout":"","theme-transparent-header-meta":"","adv-header-id-meta":"","stick-header-meta":"","header-above-stick-meta":"","header-main-stick-meta":"","header-below-stick-meta":""},"yoast_head":"<!-- This site is optimized with the Yoast SEO plugin v20.9 - https:\/\/yoast.com\/wordpress\/plugins\/seo\/ -->\n<title>Shop - O\u00f9 Sortir ? Lyon<\/title>\n<meta name=\"robots\" content=\"index, follow, max-snippet:-1, max-image-preview:large, max-video-preview:-1\" \/>\n<link rel=\"canonical\" href=\"https:\/\/ousortirfrance.com\/lyon\/shop\/\" \/>\n<meta property=\"og:locale\" content=\"fr_FR\" \/>\n<meta property=\"og:type\" content=\"article\" \/>\n<meta property=\"og:title\" content=\"Shop - O\u00f9 Sortir ? Lyon\" \/>\n<meta property=\"og:description\" content=\"Shopper \u00e0 Lyon Quelle ville ne poss\u00e8de pas de magasins ?Nous vous avons s\u00e9lectionn\u00e9 un petit panel vari\u00e9 de boutiques situ\u00e9es dans notre ville ! \u00c9videmment il en existe bien d&rsquo;autres, et d&rsquo;ailleurs, n&rsquo;h\u00e9sitez pas \u00e0 nous en sugg\u00e9rer si vous en connaissez qui valent absolument le d\u00e9tour ! Tous shop Kuch Lyon En savoir &hellip; Antonio et Marco Lire la suite\u00a0\u00bb\" \/>\n<meta property=\"og:url\" content=\"https:\/\/ousortirfrance.com\/lyon\/shop\/\" \/>\n<meta property=\"og:site_name\" content=\"O\u00f9 Sortir ? Lyon\" \/>\n<meta property=\"article:modified_time\" content=\"2023-12-21T09:46:13+00:00\" \/>\n<meta property=\"og:image\" content=\"https:\/\/ousortirfrance.com\/lyon\/wp-content\/uploads\/sites\/8\/2023\/09\/logo-kuch.png\" \/>\n<meta name=\"twitter:card\" content=\"summary_large_image\" \/>\n<meta name=\"twitter:label1\" content=\"Dur\u00e9e de lecture estim\u00e9e\" \/>\n\t<meta name=\"twitter:data1\" content=\"4 minutes\" \/>\n<script type=\"application\/ld+json\" class=\"yoast-schema-graph\">{\"@context\":\"https:\/\/schema.org\",\"@graph\":[{\"@type\":\"WebPage\",\"@id\":\"https:\/\/ousortirfrance.com\/lyon\/shop\/\",\"url\":\"https:\/\/ousortirfrance.com\/lyon\/shop\/\",\"name\":\"Shop - O\u00f9 Sortir ? Lyon\",\"isPartOf\":{\"@id\":\"https:\/\/ousortirfrance.com\/lyon\/#website\"},\"datePublished\":\"2021-12-17T08:03:54+00:00\",\"dateModified\":\"2023-12-21T09:46:13+00:00\",\"breadcrumb\":{\"@id\":\"https:\/\/ousortirfrance.com\/lyon\/shop\/#breadcrumb\"},\"inLanguage\":\"fr-FR\",\"potentialAction\":[{\"@type\":\"ReadAction\",\"target\":[\"https:\/\/ousortirfrance.com\/lyon\/shop\/\"]}]},{\"@type\":\"BreadcrumbList\",\"@id\":\"https:\/\/ousortirfrance.com\/lyon\/shop\/#breadcrumb\",\"itemListElement\":[{\"@type\":\"ListItem\",\"position\":1,\"name\":\"Accueil\",\"item\":\"https:\/\/ousortirfrance.com\/lyon\/\"},{\"@type\":\"ListItem\",\"position\":2,\"name\":\"Shop\"}]},{\"@type\":\"WebSite\",\"@id\":\"https:\/\/ousortirfrance.com\/lyon\/#website\",\"url\":\"https:\/\/ousortirfrance.com\/lyon\/\",\"name\":\"O\u00f9 Sortir ? Lyon\",\"description\":\"Un site utilisant O\u00f9 Sortir ? France\",\"publisher\":{\"@id\":\"https:\/\/ousortirfrance.com\/lyon\/#organization\"},\"potentialAction\":[{\"@type\":\"SearchAction\",\"target\":{\"@type\":\"EntryPoint\",\"urlTemplate\":\"https:\/\/ousortirfrance.com\/lyon\/?s={search_term_string}\"},\"query-input\":\"required name=search_term_string\"}],\"inLanguage\":\"fr-FR\"},{\"@type\":\"Organization\",\"@id\":\"https:\/\/ousortirfrance.com\/lyon\/#organization\",\"name\":\"O\u00f9 Sortir ? Lyon\",\"url\":\"https:\/\/ousortirfrance.com\/lyon\/\",\"logo\":{\"@type\":\"ImageObject\",\"inLanguage\":\"fr-FR\",\"@id\":\"https:\/\/ousortirfrance.com\/lyon\/#\/schema\/logo\/image\/\",\"url\":\"https:\/\/ousortirfrance.com\/lyon\/wp-content\/uploads\/sites\/8\/2025\/05\/LYON-svg-blanc.svg\",\"contentUrl\":\"https:\/\/ousortirfrance.com\/lyon\/wp-content\/uploads\/sites\/8\/2025\/05\/LYON-svg-blanc.svg\",\"width\":1066,\"height\":585,\"caption\":\"O\u00f9 Sortir ? Lyon\"},\"image\":{\"@id\":\"https:\/\/ousortirfrance.com\/lyon\/#\/schema\/logo\/image\/\"}}]}<\/script>\n<!-- \/ Yoast SEO plugin. -->","yoast_head_json":{"title":"Shop - O\u00f9 Sortir ? Lyon","robots":{"index":"index","follow":"follow","max-snippet":"max-snippet:-1","max-image-preview":"max-image-preview:large","max-video-preview":"max-video-preview:-1"},"canonical":"https:\/\/ousortirfrance.com\/lyon\/shop\/","og_locale":"fr_FR","og_type":"article","og_title":"Shop - O\u00f9 Sortir ? Lyon","og_description":"Shopper \u00e0 Lyon Quelle ville ne poss\u00e8de pas de magasins ?Nous vous avons s\u00e9lectionn\u00e9 un petit panel vari\u00e9 de boutiques situ\u00e9es dans notre ville ! \u00c9videmment il en existe bien d&rsquo;autres, et d&rsquo;ailleurs, n&rsquo;h\u00e9sitez pas \u00e0 nous en sugg\u00e9rer si vous en connaissez qui valent absolument le d\u00e9tour ! Tous shop Kuch Lyon En savoir &hellip; Antonio et Marco Lire la suite\u00a0\u00bb","og_url":"https:\/\/ousortirfrance.com\/lyon\/shop\/","og_site_name":"O\u00f9 Sortir ? Lyon","article_modified_time":"2023-12-21T09:46:13+00:00","og_image":[{"url":"https:\/\/ousortirfrance.com\/lyon\/wp-content\/uploads\/sites\/8\/2023\/09\/logo-kuch.png"}],"twitter_card":"summary_large_image","twitter_misc":{"Dur\u00e9e de lecture estim\u00e9e":"4 minutes"},"schema":{"@context":"https:\/\/schema.org","@graph":[{"@type":"WebPage","@id":"https:\/\/ousortirfrance.com\/lyon\/shop\/","url":"https:\/\/ousortirfrance.com\/lyon\/shop\/","name":"Shop - O\u00f9 Sortir ? Lyon","isPartOf":{"@id":"https:\/\/ousortirfrance.com\/lyon\/#website"},"datePublished":"2021-12-17T08:03:54+00:00","dateModified":"2023-12-21T09:46:13+00:00","breadcrumb":{"@id":"https:\/\/ousortirfrance.com\/lyon\/shop\/#breadcrumb"},"inLanguage":"fr-FR","potentialAction":[{"@type":"ReadAction","target":["https:\/\/ousortirfrance.com\/lyon\/shop\/"]}]},{"@type":"BreadcrumbList","@id":"https:\/\/ousortirfrance.com\/lyon\/shop\/#breadcrumb","itemListElement":[{"@type":"ListItem","position":1,"name":"Accueil","item":"https:\/\/ousortirfrance.com\/lyon\/"},{"@type":"ListItem","position":2,"name":"Shop"}]},{"@type":"WebSite","@id":"https:\/\/ousortirfrance.com\/lyon\/#website","url":"https:\/\/ousortirfrance.com\/lyon\/","name":"O\u00f9 Sortir ? Lyon","description":"Un site utilisant O\u00f9 Sortir ? France","publisher":{"@id":"https:\/\/ousortirfrance.com\/lyon\/#organization"},"potentialAction":[{"@type":"SearchAction","target":{"@type":"EntryPoint","urlTemplate":"https:\/\/ousortirfrance.com\/lyon\/?s={search_term_string}"},"query-input":"required name=search_term_string"}],"inLanguage":"fr-FR"},{"@type":"Organization","@id":"https:\/\/ousortirfrance.com\/lyon\/#organization","name":"O\u00f9 Sortir ? Lyon","url":"https:\/\/ousortirfrance.com\/lyon\/","logo":{"@type":"ImageObject","inLanguage":"fr-FR","@id":"https:\/\/ousortirfrance.com\/lyon\/#\/schema\/logo\/image\/","url":"https:\/\/ousortirfrance.com\/lyon\/wp-content\/uploads\/sites\/8\/2025\/05\/LYON-svg-blanc.svg","contentUrl":"https:\/\/ousortirfrance.com\/lyon\/wp-content\/uploads\/sites\/8\/2025\/05\/LYON-svg-blanc.svg","width":1066,"height":585,"caption":"O\u00f9 Sortir ? Lyon"},"image":{"@id":"https:\/\/ousortirfrance.com\/lyon\/#\/schema\/logo\/image\/"}}]}},"_links":{"self":[{"href":"https:\/\/ousortirfrance.com\/lyon\/wp-json\/wp\/v2\/pages\/20"}],"collection":[{"href":"https:\/\/ousortirfrance.com\/lyon\/wp-json\/wp\/v2\/pages"}],"about":[{"href":"https:\/\/ousortirfrance.com\/lyon\/wp-json\/wp\/v2\/types\/page"}],"author":[{"embeddable":true,"href":"https:\/\/ousortirfrance.com\/lyon\/wp-json\/wp\/v2\/users\/1"}],"replies":[{"embeddable":true,"href":"https:\/\/ousortirfrance.com\/lyon\/wp-json\/wp\/v2\/comments?post=20"}],"version-history":[{"count":40,"href":"https:\/\/ousortirfrance.com\/lyon\/wp-json\/wp\/v2\/pages\/20\/revisions"}],"predecessor-version":[{"id":13575,"href":"https:\/\/ousortirfrance.com\/lyon\/wp-json\/wp\/v2\/pages\/20\/revisions\/13575"}],"wp:attachment":[{"href":"https:\/\/ousortirfrance.com\/lyon\/wp-json\/wp\/v2\/media?parent=20"}],"curies":[{"name":"wp","href":"https:\/\/api.w.org\/{rel}","templated":true}]}}