{"id":10,"date":"2021-12-17T09:02:07","date_gmt":"2021-12-17T08:02:07","guid":{"rendered":"http:\/\/whoolchip.local\/saint-etienne\/?page_id=10"},"modified":"2021-12-17T09:02:08","modified_gmt":"2021-12-17T08:02:08","slug":"mentions-legales","status":"publish","type":"page","link":"https:\/\/ousortirfrance.com\/sainte\/mentions-legales\/","title":{"rendered":"Mentions l\u00e9gales"},"content":{"rendered":"","protected":false},"excerpt":{"rendered":"","protected":false},"author":1,"featured_media":0,"parent":0,"menu_order":0,"comment_status":"closed","ping_status":"closed","template":"","meta":{"site-sidebar-layout":"default","site-content-layout":"default","ast-global-header-display":"","ast-banner-title-visibility":"","ast-main-header-display":"","ast-hfb-above-header-display":"","ast-hfb-below-header-display":"","ast-hfb-mobile-header-display":"","site-post-title":"","ast-breadcrumbs-content":"","ast-featured-img":"","footer-sml-layout":"","theme-transparent-header-meta":"","adv-header-id-meta":"","stick-header-meta":"","header-above-stick-meta":"","header-main-stick-meta":"","header-below-stick-meta":""},"yoast_head":"<!-- This site is optimized with the Yoast SEO plugin v20.9 - https:\/\/yoast.com\/wordpress\/plugins\/seo\/ -->\n<title>Mentions l\u00e9gales - O\u00f9 Sortir ? Saint\u00e9<\/title>\n<meta name=\"description\" content=\"Mentions l\u00e9gales - O\u00f9 Sortir ? Saint\u00e9\" \/>\n<meta name=\"robots\" content=\"index, follow, max-snippet:-1, max-image-preview:large, max-video-preview:-1\" \/>\n<link rel=\"canonical\" href=\"https:\/\/ousortirfrance.com\/sainte\/mentions-legales\/\" \/>\n<meta property=\"og:locale\" content=\"fr_FR\" \/>\n<meta property=\"og:type\" content=\"article\" \/>\n<meta property=\"og:title\" content=\"Mentions l\u00e9gales - O\u00f9 Sortir ? Saint\u00e9\" \/>\n<meta property=\"og:description\" content=\"Mentions l\u00e9gales - O\u00f9 Sortir ? Saint\u00e9\" \/>\n<meta property=\"og:url\" content=\"https:\/\/ousortirfrance.com\/sainte\/mentions-legales\/\" \/>\n<meta property=\"og:site_name\" content=\"O\u00f9 Sortir ? Saint\u00e9\" \/>\n<meta property=\"article:modified_time\" content=\"2021-12-17T08:02:08+00:00\" \/>\n<meta name=\"twitter:card\" content=\"summary_large_image\" \/>\n<script type=\"application\/ld+json\" class=\"yoast-schema-graph\">{\"@context\":\"https:\/\/schema.org\",\"@graph\":[{\"@type\":\"WebPage\",\"@id\":\"https:\/\/ousortirfrance.com\/sainte\/mentions-legales\/\",\"url\":\"https:\/\/ousortirfrance.com\/sainte\/mentions-legales\/\",\"name\":\"Mentions l\u00e9gales - O\u00f9 Sortir ? Saint\u00e9\",\"isPartOf\":{\"@id\":\"https:\/\/ousortirfrance.com\/sainte\/#website\"},\"datePublished\":\"2021-12-17T08:02:07+00:00\",\"dateModified\":\"2021-12-17T08:02:08+00:00\",\"description\":\"Mentions l\u00e9gales - O\u00f9 Sortir ? Saint\u00e9\",\"breadcrumb\":{\"@id\":\"https:\/\/ousortirfrance.com\/sainte\/mentions-legales\/#breadcrumb\"},\"inLanguage\":\"fr-FR\",\"potentialAction\":[{\"@type\":\"ReadAction\",\"target\":[\"https:\/\/ousortirfrance.com\/sainte\/mentions-legales\/\"]}]},{\"@type\":\"BreadcrumbList\",\"@id\":\"https:\/\/ousortirfrance.com\/sainte\/mentions-legales\/#breadcrumb\",\"itemListElement\":[{\"@type\":\"ListItem\",\"position\":1,\"name\":\"Accueil\",\"item\":\"https:\/\/ousortirfrance.com\/sainte\/\"},{\"@type\":\"ListItem\",\"position\":2,\"name\":\"Mentions l\u00e9gales\"}]},{\"@type\":\"WebSite\",\"@id\":\"https:\/\/ousortirfrance.com\/sainte\/#website\",\"url\":\"https:\/\/ousortirfrance.com\/sainte\/\",\"name\":\"O\u00f9 Sortir ? Saint\u00e9\",\"description\":\"Trouver o\u00f9 sortir sur Saint-\u00c9tienne\",\"publisher\":{\"@id\":\"https:\/\/ousortirfrance.com\/sainte\/#organization\"},\"potentialAction\":[{\"@type\":\"SearchAction\",\"target\":{\"@type\":\"EntryPoint\",\"urlTemplate\":\"https:\/\/ousortirfrance.com\/sainte\/?s={search_term_string}\"},\"query-input\":\"required name=search_term_string\"}],\"inLanguage\":\"fr-FR\"},{\"@type\":\"Organization\",\"@id\":\"https:\/\/ousortirfrance.com\/sainte\/#organization\",\"name\":\"Ou sortir ? Saint\u00e9\",\"url\":\"https:\/\/ousortirfrance.com\/sainte\/\",\"logo\":{\"@type\":\"ImageObject\",\"inLanguage\":\"fr-FR\",\"@id\":\"https:\/\/ousortirfrance.com\/sainte\/#\/schema\/logo\/image\/\",\"url\":\"https:\/\/ousortirfrance.com\/sainte\/wp-content\/uploads\/sites\/2\/2021\/12\/cropped-Ou-SOrtir-Sainte.png\",\"contentUrl\":\"https:\/\/ousortirfrance.com\/sainte\/wp-content\/uploads\/sites\/2\/2021\/12\/cropped-Ou-SOrtir-Sainte.png\",\"width\":512,\"height\":512,\"caption\":\"Ou sortir ? Saint\u00e9\"},\"image\":{\"@id\":\"https:\/\/ousortirfrance.com\/sainte\/#\/schema\/logo\/image\/\"}}]}<\/script>\n<!-- \/ Yoast SEO plugin. -->","yoast_head_json":{"title":"Mentions l\u00e9gales - O\u00f9 Sortir ? Saint\u00e9","description":"Mentions l\u00e9gales - O\u00f9 Sortir ? Saint\u00e9","robots":{"index":"index","follow":"follow","max-snippet":"max-snippet:-1","max-image-preview":"max-image-preview:large","max-video-preview":"max-video-preview:-1"},"canonical":"https:\/\/ousortirfrance.com\/sainte\/mentions-legales\/","og_locale":"fr_FR","og_type":"article","og_title":"Mentions l\u00e9gales - O\u00f9 Sortir ? Saint\u00e9","og_description":"Mentions l\u00e9gales - O\u00f9 Sortir ? Saint\u00e9","og_url":"https:\/\/ousortirfrance.com\/sainte\/mentions-legales\/","og_site_name":"O\u00f9 Sortir ? Saint\u00e9","article_modified_time":"2021-12-17T08:02:08+00:00","twitter_card":"summary_large_image","schema":{"@context":"https:\/\/schema.org","@graph":[{"@type":"WebPage","@id":"https:\/\/ousortirfrance.com\/sainte\/mentions-legales\/","url":"https:\/\/ousortirfrance.com\/sainte\/mentions-legales\/","name":"Mentions l\u00e9gales - O\u00f9 Sortir ? Saint\u00e9","isPartOf":{"@id":"https:\/\/ousortirfrance.com\/sainte\/#website"},"datePublished":"2021-12-17T08:02:07+00:00","dateModified":"2021-12-17T08:02:08+00:00","description":"Mentions l\u00e9gales - O\u00f9 Sortir ? Saint\u00e9","breadcrumb":{"@id":"https:\/\/ousortirfrance.com\/sainte\/mentions-legales\/#breadcrumb"},"inLanguage":"fr-FR","potentialAction":[{"@type":"ReadAction","target":["https:\/\/ousortirfrance.com\/sainte\/mentions-legales\/"]}]},{"@type":"BreadcrumbList","@id":"https:\/\/ousortirfrance.com\/sainte\/mentions-legales\/#breadcrumb","itemListElement":[{"@type":"ListItem","position":1,"name":"Accueil","item":"https:\/\/ousortirfrance.com\/sainte\/"},{"@type":"ListItem","position":2,"name":"Mentions l\u00e9gales"}]},{"@type":"WebSite","@id":"https:\/\/ousortirfrance.com\/sainte\/#website","url":"https:\/\/ousortirfrance.com\/sainte\/","name":"O\u00f9 Sortir ? Saint\u00e9","description":"Trouver o\u00f9 sortir sur Saint-\u00c9tienne","publisher":{"@id":"https:\/\/ousortirfrance.com\/sainte\/#organization"},"potentialAction":[{"@type":"SearchAction","target":{"@type":"EntryPoint","urlTemplate":"https:\/\/ousortirfrance.com\/sainte\/?s={search_term_string}"},"query-input":"required name=search_term_string"}],"inLanguage":"fr-FR"},{"@type":"Organization","@id":"https:\/\/ousortirfrance.com\/sainte\/#organization","name":"Ou sortir ? Saint\u00e9","url":"https:\/\/ousortirfrance.com\/sainte\/","logo":{"@type":"ImageObject","inLanguage":"fr-FR","@id":"https:\/\/ousortirfrance.com\/sainte\/#\/schema\/logo\/image\/","url":"https:\/\/ousortirfrance.com\/sainte\/wp-content\/uploads\/sites\/2\/2021\/12\/cropped-Ou-SOrtir-Sainte.png","contentUrl":"https:\/\/ousortirfrance.com\/sainte\/wp-content\/uploads\/sites\/2\/2021\/12\/cropped-Ou-SOrtir-Sainte.png","width":512,"height":512,"caption":"Ou sortir ? Saint\u00e9"},"image":{"@id":"https:\/\/ousortirfrance.com\/sainte\/#\/schema\/logo\/image\/"}}]}},"_links":{"self":[{"href":"https:\/\/ousortirfrance.com\/sainte\/wp-json\/wp\/v2\/pages\/10"}],"collection":[{"href":"https:\/\/ousortirfrance.com\/sainte\/wp-json\/wp\/v2\/pages"}],"about":[{"href":"https:\/\/ousortirfrance.com\/sainte\/wp-json\/wp\/v2\/types\/page"}],"author":[{"embeddable":true,"href":"https:\/\/ousortirfrance.com\/sainte\/wp-json\/wp\/v2\/users\/1"}],"replies":[{"embeddable":true,"href":"https:\/\/ousortirfrance.com\/sainte\/wp-json\/wp\/v2\/comments?post=10"}],"version-history":[{"count":1,"href":"https:\/\/ousortirfrance.com\/sainte\/wp-json\/wp\/v2\/pages\/10\/revisions"}],"predecessor-version":[{"id":11,"href":"https:\/\/ousortirfrance.com\/sainte\/wp-json\/wp\/v2\/pages\/10\/revisions\/11"}],"wp:attachment":[{"href":"https:\/\/ousortirfrance.com\/sainte\/wp-json\/wp\/v2\/media?parent=10"}],"curies":[{"name":"wp","href":"https:\/\/api.w.org\/{rel}","templated":true}]}}