{"id":14,"date":"2021-12-17T09:03:15","date_gmt":"2021-12-17T08:03:15","guid":{"rendered":"http:\/\/whoolchip.local\/saint-etienne\/?page_id=14"},"modified":"2023-12-06T15:36:03","modified_gmt":"2023-12-06T14:36:03","slug":"balades","status":"publish","type":"page","link":"https:\/\/ousortirfrance.com\/sainte\/balades\/","title":{"rendered":"Balades"},"content":{"rendered":"\t\t<div data-elementor-type=\"wp-page\" data-elementor-id=\"14\" class=\"elementor elementor-14\">\n\t\t\t\t\t\t\t\t\t<section class=\"elementor-section elementor-top-section elementor-element elementor-element-30927f86 elementor-section-boxed elementor-section-height-default elementor-section-height-default\" data-id=\"30927f86\" data-element_type=\"section\" data-settings=\"{&quot;background_background&quot;:&quot;classic&quot;}\">\n\t\t\t\t\t\t\t<div class=\"elementor-background-overlay\"><\/div>\n\t\t\t\t\t\t\t<div class=\"elementor-container elementor-column-gap-default\">\n\t\t\t\t\t<div class=\"elementor-column elementor-col-100 elementor-top-column elementor-element elementor-element-75b37d6e\" data-id=\"75b37d6e\" data-element_type=\"column\">\n\t\t\t<div class=\"elementor-widget-wrap elementor-element-populated\">\n\t\t\t\t\t\t\t\t<div class=\"elementor-element elementor-element-3d120061 elementor-widget elementor-widget-heading\" data-id=\"3d120061\" data-element_type=\"widget\" data-widget_type=\"heading.default\">\n\t\t\t\t<div class=\"elementor-widget-container\">\n\t\t\t<style>\/*! elementor - v3.13.3 - 28-05-2023 *\/\n.elementor-heading-title{padding:0;margin:0;line-height:1}.elementor-widget-heading .elementor-heading-title[class*=elementor-size-]>a{color:inherit;font-size:inherit;line-height:inherit}.elementor-widget-heading .elementor-heading-title.elementor-size-small{font-size:15px}.elementor-widget-heading .elementor-heading-title.elementor-size-medium{font-size:19px}.elementor-widget-heading .elementor-heading-title.elementor-size-large{font-size:29px}.elementor-widget-heading .elementor-heading-title.elementor-size-xl{font-size:39px}.elementor-widget-heading .elementor-heading-title.elementor-size-xxl{font-size:59px}<\/style><h1 class=\"elementor-heading-title elementor-size-default\">Se promener autour de Saint-\u00c9tienne<\/h1>\t\t<\/div>\n\t\t\t\t<\/div>\n\t\t\t\t\t<\/div>\n\t\t<\/div>\n\t\t\t\t\t\t\t<\/div>\n\t\t<\/section>\n\t\t\t\t<section class=\"elementor-section elementor-top-section elementor-element elementor-element-1e9ac8e1 elementor-section-boxed elementor-section-height-default elementor-section-height-default\" data-id=\"1e9ac8e1\" data-element_type=\"section\">\n\t\t\t\t\t\t<div class=\"elementor-container elementor-column-gap-default\">\n\t\t\t\t\t<div class=\"elementor-column elementor-col-100 elementor-top-column elementor-element elementor-element-9531721\" data-id=\"9531721\" data-element_type=\"column\">\n\t\t\t<div class=\"elementor-widget-wrap elementor-element-populated\">\n\t\t\t\t\t\t\t\t<div class=\"elementor-element elementor-element-5a7e2ca9 elementor-widget elementor-widget-cv_post\" data-id=\"5a7e2ca9\" data-element_type=\"widget\" data-settings=\"{&quot;background_background&quot;:&quot;classic&quot;}\" data-widget_type=\"cv_post.default\">\n\t\t\t\t<div class=\"elementor-widget-container\">\n\t\t\t<div class=\"cv-posts grid-img-bg col-4\"><article class=\"post-item\"><div class=\"post-img\"><span class=\"elementor-background-overlay\"><\/span><img width=\"2144\" height=\"2560\" src=\"https:\/\/ousortirfrance.com\/sainte\/wp-content\/uploads\/sites\/2\/2023\/05\/rochetaillee-retaillee-scaled.jpg\" class=\"attachment-blog size-blog wp-post-image\" alt=\"Rochetaill\u00e9e de nuit depuis la Madonne\" decoding=\"async\" loading=\"lazy\" itemprop=\"image\" srcset=\"https:\/\/ousortirfrance.com\/sainte\/wp-content\/uploads\/sites\/2\/2023\/05\/rochetaillee-retaillee-scaled.jpg 2144w, https:\/\/ousortirfrance.com\/sainte\/wp-content\/uploads\/sites\/2\/2023\/05\/rochetaillee-retaillee-251x300.jpg 251w, https:\/\/ousortirfrance.com\/sainte\/wp-content\/uploads\/sites\/2\/2023\/05\/rochetaillee-retaillee-858x1024.jpg 858w, https:\/\/ousortirfrance.com\/sainte\/wp-content\/uploads\/sites\/2\/2023\/05\/rochetaillee-retaillee-768x917.jpg 768w, https:\/\/ousortirfrance.com\/sainte\/wp-content\/uploads\/sites\/2\/2023\/05\/rochetaillee-retaillee-1287x1536.jpg 1287w, https:\/\/ousortirfrance.com\/sainte\/wp-content\/uploads\/sites\/2\/2023\/05\/rochetaillee-retaillee-1715x2048.jpg 1715w\" sizes=\"(max-width: 2144px) 100vw, 2144px\" \/><\/div><div class=\"post-info\"><h2 class=\"title\">Rochetaill\u00e9e<\/h2><div><div class=\"read-more\"><span class=\"elementor-button-content-wrapper\"><span class=\"elementor-button-text\">En savoir plus<\/span><\/span><\/div><\/div><\/div><a href=\"https:\/\/ousortirfrance.com\/sainte\/balade\/rochetaillee\/\" title=\"Rochetaill\u00e9e\" class=\"post-link\"><\/a><\/article><article class=\"post-item\"><div class=\"post-img\"><span class=\"elementor-background-overlay\"><\/span><img width=\"2560\" height=\"1704\" src=\"https:\/\/ousortirfrance.com\/sainte\/wp-content\/uploads\/sites\/2\/2022\/04\/Essalois12-scaled.jpg\" class=\"attachment-blog size-blog wp-post-image\" alt=\"Tour d&#039;observation Essalois\" decoding=\"async\" loading=\"lazy\" itemprop=\"image\" srcset=\"https:\/\/ousortirfrance.com\/sainte\/wp-content\/uploads\/sites\/2\/2022\/04\/Essalois12-scaled.jpg 2560w, https:\/\/ousortirfrance.com\/sainte\/wp-content\/uploads\/sites\/2\/2022\/04\/Essalois12-300x200.jpg 300w, https:\/\/ousortirfrance.com\/sainte\/wp-content\/uploads\/sites\/2\/2022\/04\/Essalois12-1024x682.jpg 1024w, https:\/\/ousortirfrance.com\/sainte\/wp-content\/uploads\/sites\/2\/2022\/04\/Essalois12-768x511.jpg 768w, https:\/\/ousortirfrance.com\/sainte\/wp-content\/uploads\/sites\/2\/2022\/04\/Essalois12-1536x1022.jpg 1536w, https:\/\/ousortirfrance.com\/sainte\/wp-content\/uploads\/sites\/2\/2022\/04\/Essalois12-2048x1363.jpg 2048w\" sizes=\"(max-width: 2560px) 100vw, 2560px\" \/><\/div><div class=\"post-info\"><h2 class=\"title\">Le Ch\u00e2teau d&rsquo;Essalois<\/h2><div><div class=\"read-more\"><span class=\"elementor-button-content-wrapper\"><span class=\"elementor-button-text\">En savoir plus<\/span><\/span><\/div><\/div><\/div><a href=\"https:\/\/ousortirfrance.com\/sainte\/balade\/chateau-essalois\/\" title=\"Le Ch\u00e2teau d&rsquo;Essalois\" class=\"post-link\"><\/a><\/article><article class=\"post-item\"><div class=\"post-img\"><span class=\"elementor-background-overlay\"><\/span><img width=\"1632\" height=\"1757\" src=\"https:\/\/ousortirfrance.com\/sainte\/wp-content\/uploads\/sites\/2\/2021\/01\/104bis.jpg\" class=\"attachment-blog size-blog wp-post-image\" alt=\"condamine\" decoding=\"async\" loading=\"lazy\" itemprop=\"image\" srcset=\"https:\/\/ousortirfrance.com\/sainte\/wp-content\/uploads\/sites\/2\/2021\/01\/104bis.jpg 1632w, https:\/\/ousortirfrance.com\/sainte\/wp-content\/uploads\/sites\/2\/2021\/01\/104bis-279x300.jpg 279w, https:\/\/ousortirfrance.com\/sainte\/wp-content\/uploads\/sites\/2\/2021\/01\/104bis-951x1024.jpg 951w, https:\/\/ousortirfrance.com\/sainte\/wp-content\/uploads\/sites\/2\/2021\/01\/104bis-768x827.jpg 768w, https:\/\/ousortirfrance.com\/sainte\/wp-content\/uploads\/sites\/2\/2021\/01\/104bis-1427x1536.jpg 1427w\" sizes=\"(max-width: 1632px) 100vw, 1632px\" \/><\/div><div class=\"post-info\"><h2 class=\"title\">Condamine<\/h2><div><div class=\"read-more\"><span class=\"elementor-button-content-wrapper\"><span class=\"elementor-button-text\">En savoir plus<\/span><\/span><\/div><\/div><\/div><a href=\"https:\/\/ousortirfrance.com\/sainte\/balade\/condamine\/\" title=\"Condamine\" class=\"post-link\"><\/a><\/article><article class=\"post-item\"><div class=\"post-img\"><span class=\"elementor-background-overlay\"><\/span><img width=\"1502\" height=\"1000\" src=\"https:\/\/ousortirfrance.com\/sainte\/wp-content\/uploads\/sites\/2\/2022\/02\/5b.jpg\" class=\"attachment-blog size-blog wp-post-image\" alt=\"Cr\u00eat de l&#039;\u0153illon Saint\u00e9\" decoding=\"async\" loading=\"lazy\" itemprop=\"image\" srcset=\"https:\/\/ousortirfrance.com\/sainte\/wp-content\/uploads\/sites\/2\/2022\/02\/5b.jpg 1502w, https:\/\/ousortirfrance.com\/sainte\/wp-content\/uploads\/sites\/2\/2022\/02\/5b-300x200.jpg 300w, https:\/\/ousortirfrance.com\/sainte\/wp-content\/uploads\/sites\/2\/2022\/02\/5b-1024x682.jpg 1024w, https:\/\/ousortirfrance.com\/sainte\/wp-content\/uploads\/sites\/2\/2022\/02\/5b-768x511.jpg 768w\" sizes=\"(max-width: 1502px) 100vw, 1502px\" \/><\/div><div class=\"post-info\"><h2 class=\"title\">Cr\u00eat de l&rsquo;\u0152illon<\/h2><div><div class=\"read-more\"><span class=\"elementor-button-content-wrapper\"><span class=\"elementor-button-text\">En savoir plus<\/span><\/span><\/div><\/div><\/div><a href=\"https:\/\/ousortirfrance.com\/sainte\/balade\/cret-de-oeillon\/\" title=\"Cr\u00eat de l&rsquo;\u0152illon\" class=\"post-link\"><\/a><\/article><article class=\"post-item\"><div class=\"post-img\"><span class=\"elementor-background-overlay\"><\/span><img width=\"1000\" height=\"666\" src=\"https:\/\/ousortirfrance.com\/sainte\/wp-content\/uploads\/sites\/2\/2021\/04\/1-1.jpg\" class=\"attachment-blog size-blog wp-post-image\" alt=\"saint \u00e9tienne\" decoding=\"async\" loading=\"lazy\" itemprop=\"image\" srcset=\"https:\/\/ousortirfrance.com\/sainte\/wp-content\/uploads\/sites\/2\/2021\/04\/1-1.jpg 1000w, https:\/\/ousortirfrance.com\/sainte\/wp-content\/uploads\/sites\/2\/2021\/04\/1-1-300x200.jpg 300w, https:\/\/ousortirfrance.com\/sainte\/wp-content\/uploads\/sites\/2\/2021\/04\/1-1-768x511.jpg 768w\" sizes=\"(max-width: 1000px) 100vw, 1000px\" \/><\/div><div class=\"post-info\"><h2 class=\"title\">Croix de Guizay<\/h2><div><div class=\"read-more\"><span class=\"elementor-button-content-wrapper\"><span class=\"elementor-button-text\">En savoir plus<\/span><\/span><\/div><\/div><\/div><a href=\"https:\/\/ousortirfrance.com\/sainte\/balade\/croix-de-guizay\/\" title=\"Croix de Guizay\" class=\"post-link\"><\/a><\/article><article class=\"post-item\"><div class=\"post-img\"><span class=\"elementor-background-overlay\"><\/span><img width=\"1157\" height=\"770\" src=\"https:\/\/ousortirfrance.com\/sainte\/wp-content\/uploads\/sites\/2\/2021\/10\/1-2.jpg\" class=\"attachment-blog size-blog wp-post-image\" alt=\"\u00a9Pauline Marmont, Barrage du Gouffre d&#039;Enfer dans le Pilat en automne\" decoding=\"async\" loading=\"lazy\" itemprop=\"image\" srcset=\"https:\/\/ousortirfrance.com\/sainte\/wp-content\/uploads\/sites\/2\/2021\/10\/1-2.jpg 1157w, https:\/\/ousortirfrance.com\/sainte\/wp-content\/uploads\/sites\/2\/2021\/10\/1-2-300x200.jpg 300w, https:\/\/ousortirfrance.com\/sainte\/wp-content\/uploads\/sites\/2\/2021\/10\/1-2-1024x681.jpg 1024w, https:\/\/ousortirfrance.com\/sainte\/wp-content\/uploads\/sites\/2\/2021\/10\/1-2-768x511.jpg 768w\" sizes=\"(max-width: 1157px) 100vw, 1157px\" \/><\/div><div class=\"post-info\"><h2 class=\"title\">Gouffre d&rsquo;Enfer<\/h2><div><div class=\"read-more\"><span class=\"elementor-button-content-wrapper\"><span class=\"elementor-button-text\">En savoir plus<\/span><\/span><\/div><\/div><\/div><a href=\"https:\/\/ousortirfrance.com\/sainte\/balade\/gouffre-enfer\/\" title=\"Gouffre d&rsquo;Enfer\" class=\"post-link\"><\/a><\/article><article class=\"post-item\"><div class=\"post-img\"><span class=\"elementor-background-overlay\"><\/span><img width=\"1637\" height=\"1090\" src=\"https:\/\/ousortirfrance.com\/sainte\/wp-content\/uploads\/sites\/2\/2021\/02\/1.jpg\" class=\"attachment-blog size-blog wp-post-image\" alt=\"vue sur pic des 3 dents\" decoding=\"async\" loading=\"lazy\" itemprop=\"image\" srcset=\"https:\/\/ousortirfrance.com\/sainte\/wp-content\/uploads\/sites\/2\/2021\/02\/1.jpg 1637w, https:\/\/ousortirfrance.com\/sainte\/wp-content\/uploads\/sites\/2\/2021\/02\/1-300x200.jpg 300w, https:\/\/ousortirfrance.com\/sainte\/wp-content\/uploads\/sites\/2\/2021\/02\/1-1024x682.jpg 1024w, https:\/\/ousortirfrance.com\/sainte\/wp-content\/uploads\/sites\/2\/2021\/02\/1-768x511.jpg 768w, https:\/\/ousortirfrance.com\/sainte\/wp-content\/uploads\/sites\/2\/2021\/02\/1-1536x1023.jpg 1536w\" sizes=\"(max-width: 1637px) 100vw, 1637px\" \/><\/div><div class=\"post-info\"><h2 class=\"title\">Pic des 3 dents<\/h2><div><div class=\"read-more\"><span class=\"elementor-button-content-wrapper\"><span class=\"elementor-button-text\">En savoir plus<\/span><\/span><\/div><\/div><\/div><a href=\"https:\/\/ousortirfrance.com\/sainte\/balade\/pic-3-dents\/\" title=\"Pic des 3 dents\" class=\"post-link\"><\/a><\/article><article class=\"post-item\"><div class=\"post-img\"><span class=\"elementor-background-overlay\"><\/span><img width=\"1596\" height=\"1635\" src=\"https:\/\/ousortirfrance.com\/sainte\/wp-content\/uploads\/sites\/2\/2021\/03\/plateauu-danse.jpg\" class=\"attachment-blog size-blog wp-post-image\" alt=\"m\u00e9andre danse\" decoding=\"async\" loading=\"lazy\" itemprop=\"image\" srcset=\"https:\/\/ousortirfrance.com\/sainte\/wp-content\/uploads\/sites\/2\/2021\/03\/plateauu-danse.jpg 1596w, https:\/\/ousortirfrance.com\/sainte\/wp-content\/uploads\/sites\/2\/2021\/03\/plateauu-danse-293x300.jpg 293w, https:\/\/ousortirfrance.com\/sainte\/wp-content\/uploads\/sites\/2\/2021\/03\/plateauu-danse-1000x1024.jpg 1000w, https:\/\/ousortirfrance.com\/sainte\/wp-content\/uploads\/sites\/2\/2021\/03\/plateauu-danse-768x787.jpg 768w, https:\/\/ousortirfrance.com\/sainte\/wp-content\/uploads\/sites\/2\/2021\/03\/plateauu-danse-1499x1536.jpg 1499w\" sizes=\"(max-width: 1596px) 100vw, 1596px\" \/><\/div><div class=\"post-info\"><h2 class=\"title\">Plateau de la Danse<\/h2><div><div class=\"read-more\"><span class=\"elementor-button-content-wrapper\"><span class=\"elementor-button-text\">En savoir plus<\/span><\/span><\/div><\/div><\/div><a href=\"https:\/\/ousortirfrance.com\/sainte\/balade\/plateau-de-la-danse\/\" title=\"Plateau de la Danse\" class=\"post-link\"><\/a><\/article><article class=\"post-item\"><div class=\"post-img\"><span class=\"elementor-background-overlay\"><\/span><img width=\"1502\" height=\"1000\" src=\"https:\/\/ousortirfrance.com\/sainte\/wp-content\/uploads\/sites\/2\/2021\/10\/40b.jpg\" class=\"attachment-blog size-blog wp-post-image\" alt=\"Gier cascade\" decoding=\"async\" loading=\"lazy\" itemprop=\"image\" srcset=\"https:\/\/ousortirfrance.com\/sainte\/wp-content\/uploads\/sites\/2\/2021\/10\/40b.jpg 1502w, https:\/\/ousortirfrance.com\/sainte\/wp-content\/uploads\/sites\/2\/2021\/10\/40b-300x200.jpg 300w, https:\/\/ousortirfrance.com\/sainte\/wp-content\/uploads\/sites\/2\/2021\/10\/40b-1024x682.jpg 1024w, https:\/\/ousortirfrance.com\/sainte\/wp-content\/uploads\/sites\/2\/2021\/10\/40b-768x511.jpg 768w\" sizes=\"(max-width: 1502px) 100vw, 1502px\" \/><\/div><div class=\"post-info\"><h2 class=\"title\">Saut du Gier<\/h2><div><div class=\"read-more\"><span class=\"elementor-button-content-wrapper\"><span class=\"elementor-button-text\">En savoir plus<\/span><\/span><\/div><\/div><\/div><a href=\"https:\/\/ousortirfrance.com\/sainte\/balade\/saut-du-gier\/\" title=\"Saut du Gier\" class=\"post-link\"><\/a><\/article><article class=\"add-place\"><span class=\"elementor-background-overlay\"><\/span><p class=\"title-place\">Sugg\u00e9rez votre lieu favori<\/p><a href=\"https:\/\/docs.google.com\/forms\/d\/e\/1FAIpQLSc_D2FFqaJXAnkvs5W_WMUAMkwJuNx_hXAivrIv0edEVZSjYw\/viewform\" target=\"_blank\" rel=\"nofollow\" title=\"Sugg\u00e9rez votre lieu favori\" class=\"post-link\"><\/a><\/article><\/div>\t\t<\/div>\n\t\t\t\t<\/div>\n\t\t\t\t\t<\/div>\n\t\t<\/div>\n\t\t\t\t\t\t\t<\/div>\n\t\t<\/section>\n\t\t\t\t\t\t\t<\/div>\n\t\t","protected":false},"excerpt":{"rendered":"<p>Se promener autour de Saint-\u00c9tienne Rochetaill\u00e9e En savoir plus Le Ch\u00e2teau d&rsquo;Essalois En savoir plus Condamine En savoir plus Cr\u00eat de l&rsquo;\u0152illon En savoir plus Croix de Guizay En savoir plus Gouffre d&rsquo;Enfer En savoir plus Pic des 3 dents En savoir plus Plateau de la Danse En savoir plus Saut du Gier En savoir &hellip;<\/p>\n<p class=\"read-more\"> <a class=\"\" href=\"https:\/\/ousortirfrance.com\/sainte\/resto\/les-coursiers-stephanois\/\"> <span class=\"screen-reader-text\">Les Coursiers St\u00e9phanois<\/span> Lire la suite\u00a0\u00bb<\/a><\/p>\n","protected":false},"author":1,"featured_media":0,"parent":0,"menu_order":0,"comment_status":"closed","ping_status":"closed","template":"","meta":{"site-sidebar-layout":"no-sidebar","site-content-layout":"page-builder","ast-global-header-display":"","ast-banner-title-visibility":"","ast-main-header-display":"","ast-hfb-above-header-display":"","ast-hfb-below-header-display":"","ast-hfb-mobile-header-display":"","site-post-title":"disabled","ast-breadcrumbs-content":"","ast-featured-img":"disabled","footer-sml-layout":"","theme-transparent-header-meta":"","adv-header-id-meta":"","stick-header-meta":"","header-above-stick-meta":"","header-main-stick-meta":"","header-below-stick-meta":""},"yoast_head":"<!-- This site is optimized with the Yoast SEO plugin v20.9 - https:\/\/yoast.com\/wordpress\/plugins\/seo\/ -->\n<title>Balades - O\u00f9 Sortir ? Saint\u00e9<\/title>\n<meta name=\"description\" content=\"Balades - O\u00f9 Sortir ? Saint\u00e9\" \/>\n<meta name=\"robots\" content=\"index, follow, max-snippet:-1, max-image-preview:large, max-video-preview:-1\" \/>\n<link rel=\"canonical\" href=\"https:\/\/ousortirfrance.com\/sainte\/balades\/\" \/>\n<meta property=\"og:locale\" content=\"fr_FR\" \/>\n<meta property=\"og:type\" content=\"article\" \/>\n<meta property=\"og:title\" content=\"Balades - O\u00f9 Sortir ? Saint\u00e9\" \/>\n<meta property=\"og:description\" content=\"Balades - O\u00f9 Sortir ? Saint\u00e9\" \/>\n<meta property=\"og:url\" content=\"https:\/\/ousortirfrance.com\/sainte\/balades\/\" \/>\n<meta property=\"og:site_name\" content=\"O\u00f9 Sortir ? Saint\u00e9\" \/>\n<meta property=\"article:modified_time\" content=\"2023-12-06T14:36:03+00:00\" \/>\n<meta property=\"og:image\" content=\"https:\/\/ousortirfrance.com\/sainte\/wp-content\/uploads\/sites\/2\/2023\/05\/rochetaillee-retaillee-scaled.jpg\" \/>\n<meta name=\"twitter:card\" content=\"summary_large_image\" \/>\n<meta name=\"twitter:label1\" content=\"Dur\u00e9e de lecture estim\u00e9e\" \/>\n\t<meta name=\"twitter:data1\" content=\"3 minutes\" \/>\n<script type=\"application\/ld+json\" class=\"yoast-schema-graph\">{\"@context\":\"https:\/\/schema.org\",\"@graph\":[{\"@type\":\"WebPage\",\"@id\":\"https:\/\/ousortirfrance.com\/sainte\/balades\/\",\"url\":\"https:\/\/ousortirfrance.com\/sainte\/balades\/\",\"name\":\"Balades - O\u00f9 Sortir ? Saint\u00e9\",\"isPartOf\":{\"@id\":\"https:\/\/ousortirfrance.com\/sainte\/#website\"},\"datePublished\":\"2021-12-17T08:03:15+00:00\",\"dateModified\":\"2023-12-06T14:36:03+00:00\",\"description\":\"Balades - O\u00f9 Sortir ? Saint\u00e9\",\"breadcrumb\":{\"@id\":\"https:\/\/ousortirfrance.com\/sainte\/balades\/#breadcrumb\"},\"inLanguage\":\"fr-FR\",\"potentialAction\":[{\"@type\":\"ReadAction\",\"target\":[\"https:\/\/ousortirfrance.com\/sainte\/balades\/\"]}]},{\"@type\":\"BreadcrumbList\",\"@id\":\"https:\/\/ousortirfrance.com\/sainte\/balades\/#breadcrumb\",\"itemListElement\":[{\"@type\":\"ListItem\",\"position\":1,\"name\":\"Accueil\",\"item\":\"https:\/\/ousortirfrance.com\/sainte\/\"},{\"@type\":\"ListItem\",\"position\":2,\"name\":\"Balades\"}]},{\"@type\":\"WebSite\",\"@id\":\"https:\/\/ousortirfrance.com\/sainte\/#website\",\"url\":\"https:\/\/ousortirfrance.com\/sainte\/\",\"name\":\"O\u00f9 Sortir ? Saint\u00e9\",\"description\":\"Trouver o\u00f9 sortir sur Saint-\u00c9tienne\",\"publisher\":{\"@id\":\"https:\/\/ousortirfrance.com\/sainte\/#organization\"},\"potentialAction\":[{\"@type\":\"SearchAction\",\"target\":{\"@type\":\"EntryPoint\",\"urlTemplate\":\"https:\/\/ousortirfrance.com\/sainte\/?s={search_term_string}\"},\"query-input\":\"required name=search_term_string\"}],\"inLanguage\":\"fr-FR\"},{\"@type\":\"Organization\",\"@id\":\"https:\/\/ousortirfrance.com\/sainte\/#organization\",\"name\":\"Ou sortir ? Saint\u00e9\",\"url\":\"https:\/\/ousortirfrance.com\/sainte\/\",\"logo\":{\"@type\":\"ImageObject\",\"inLanguage\":\"fr-FR\",\"@id\":\"https:\/\/ousortirfrance.com\/sainte\/#\/schema\/logo\/image\/\",\"url\":\"https:\/\/ousortirfrance.com\/sainte\/wp-content\/uploads\/sites\/2\/2021\/12\/cropped-Ou-SOrtir-Sainte.png\",\"contentUrl\":\"https:\/\/ousortirfrance.com\/sainte\/wp-content\/uploads\/sites\/2\/2021\/12\/cropped-Ou-SOrtir-Sainte.png\",\"width\":512,\"height\":512,\"caption\":\"Ou sortir ? Saint\u00e9\"},\"image\":{\"@id\":\"https:\/\/ousortirfrance.com\/sainte\/#\/schema\/logo\/image\/\"}}]}<\/script>\n<!-- \/ Yoast SEO plugin. -->","yoast_head_json":{"title":"Balades - O\u00f9 Sortir ? Saint\u00e9","description":"Balades - O\u00f9 Sortir ? Saint\u00e9","robots":{"index":"index","follow":"follow","max-snippet":"max-snippet:-1","max-image-preview":"max-image-preview:large","max-video-preview":"max-video-preview:-1"},"canonical":"https:\/\/ousortirfrance.com\/sainte\/balades\/","og_locale":"fr_FR","og_type":"article","og_title":"Balades - O\u00f9 Sortir ? Saint\u00e9","og_description":"Balades - O\u00f9 Sortir ? Saint\u00e9","og_url":"https:\/\/ousortirfrance.com\/sainte\/balades\/","og_site_name":"O\u00f9 Sortir ? Saint\u00e9","article_modified_time":"2023-12-06T14:36:03+00:00","og_image":[{"url":"https:\/\/ousortirfrance.com\/sainte\/wp-content\/uploads\/sites\/2\/2023\/05\/rochetaillee-retaillee-scaled.jpg"}],"twitter_card":"summary_large_image","twitter_misc":{"Dur\u00e9e de lecture estim\u00e9e":"3 minutes"},"schema":{"@context":"https:\/\/schema.org","@graph":[{"@type":"WebPage","@id":"https:\/\/ousortirfrance.com\/sainte\/balades\/","url":"https:\/\/ousortirfrance.com\/sainte\/balades\/","name":"Balades - O\u00f9 Sortir ? Saint\u00e9","isPartOf":{"@id":"https:\/\/ousortirfrance.com\/sainte\/#website"},"datePublished":"2021-12-17T08:03:15+00:00","dateModified":"2023-12-06T14:36:03+00:00","description":"Balades - O\u00f9 Sortir ? Saint\u00e9","breadcrumb":{"@id":"https:\/\/ousortirfrance.com\/sainte\/balades\/#breadcrumb"},"inLanguage":"fr-FR","potentialAction":[{"@type":"ReadAction","target":["https:\/\/ousortirfrance.com\/sainte\/balades\/"]}]},{"@type":"BreadcrumbList","@id":"https:\/\/ousortirfrance.com\/sainte\/balades\/#breadcrumb","itemListElement":[{"@type":"ListItem","position":1,"name":"Accueil","item":"https:\/\/ousortirfrance.com\/sainte\/"},{"@type":"ListItem","position":2,"name":"Balades"}]},{"@type":"WebSite","@id":"https:\/\/ousortirfrance.com\/sainte\/#website","url":"https:\/\/ousortirfrance.com\/sainte\/","name":"O\u00f9 Sortir ? Saint\u00e9","description":"Trouver o\u00f9 sortir sur Saint-\u00c9tienne","publisher":{"@id":"https:\/\/ousortirfrance.com\/sainte\/#organization"},"potentialAction":[{"@type":"SearchAction","target":{"@type":"EntryPoint","urlTemplate":"https:\/\/ousortirfrance.com\/sainte\/?s={search_term_string}"},"query-input":"required name=search_term_string"}],"inLanguage":"fr-FR"},{"@type":"Organization","@id":"https:\/\/ousortirfrance.com\/sainte\/#organization","name":"Ou sortir ? Saint\u00e9","url":"https:\/\/ousortirfrance.com\/sainte\/","logo":{"@type":"ImageObject","inLanguage":"fr-FR","@id":"https:\/\/ousortirfrance.com\/sainte\/#\/schema\/logo\/image\/","url":"https:\/\/ousortirfrance.com\/sainte\/wp-content\/uploads\/sites\/2\/2021\/12\/cropped-Ou-SOrtir-Sainte.png","contentUrl":"https:\/\/ousortirfrance.com\/sainte\/wp-content\/uploads\/sites\/2\/2021\/12\/cropped-Ou-SOrtir-Sainte.png","width":512,"height":512,"caption":"Ou sortir ? Saint\u00e9"},"image":{"@id":"https:\/\/ousortirfrance.com\/sainte\/#\/schema\/logo\/image\/"}}]}},"_links":{"self":[{"href":"https:\/\/ousortirfrance.com\/sainte\/wp-json\/wp\/v2\/pages\/14"}],"collection":[{"href":"https:\/\/ousortirfrance.com\/sainte\/wp-json\/wp\/v2\/pages"}],"about":[{"href":"https:\/\/ousortirfrance.com\/sainte\/wp-json\/wp\/v2\/types\/page"}],"author":[{"embeddable":true,"href":"https:\/\/ousortirfrance.com\/sainte\/wp-json\/wp\/v2\/users\/1"}],"replies":[{"embeddable":true,"href":"https:\/\/ousortirfrance.com\/sainte\/wp-json\/wp\/v2\/comments?post=14"}],"version-history":[{"count":62,"href":"https:\/\/ousortirfrance.com\/sainte\/wp-json\/wp\/v2\/pages\/14\/revisions"}],"predecessor-version":[{"id":12074,"href":"https:\/\/ousortirfrance.com\/sainte\/wp-json\/wp\/v2\/pages\/14\/revisions\/12074"}],"wp:attachment":[{"href":"https:\/\/ousortirfrance.com\/sainte\/wp-json\/wp\/v2\/media?parent=14"}],"curies":[{"name":"wp","href":"https:\/\/api.w.org\/{rel}","templated":true}]}}